{"id":236,"date":"2023-02-22T10:35:30","date_gmt":"2023-02-22T10:35:30","guid":{"rendered":"https:\/\/hilaturasgiza.com\/?page_id=236"},"modified":"2024-11-21T09:59:26","modified_gmt":"2024-11-21T09:59:26","slug":"zepelines-100gr-gama-oro","status":"publish","type":"page","link":"https:\/\/hilaturasgiza.com\/index.php\/zepelines-100gr-gama-oro\/","title":{"rendered":"Zepelines 100gr. Gama Oro"},"content":{"rendered":"<div   class='avia-fullscreen-slider main_color   avia-builder-el-0  el_before_av_heading  avia-builder-el-first  container_wrap sidebar_right'  >\n<style type=\"text\/css\" data-created_by=\"avia_inline_auto\" id=\"style-css-av-lefjhnyk-17d91900f7dd955c4bca145a0c44fc6f\">\n#top #wrap_all .avia-slideshow .av-slideshow-caption.av-lefjhnyk-17d91900f7dd955c4bca145a0c44fc6f__0 .avia-caption-title{\nfont-size:60px;\ncolor:#ffffff;\n}\n#top .avia-slideshow .av-slideshow-caption.av-lefjhnyk-17d91900f7dd955c4bca145a0c44fc6f__0 .avia-caption-content{\nfont-size:19px;\ncolor:#6b6b6b;\n}\n#top .avia-slideshow .av-slideshow-caption.av-lefjhnyk-17d91900f7dd955c4bca145a0c44fc6f__0 .avia-caption-content p{\nfont-size:19px;\n}\n<\/style>\n<a href='#next-section' title='' class='scroll-down-link av-control-hidden' aria-hidden='true' data-av_icon='\ue877' data-av_iconfont='entypo-fontello'><\/a><div  class='avia-slideshow av-lefjhnyk-17d91900f7dd955c4bca145a0c44fc6f avia-slideshow-extra_large av_fullscreen avia-fade-slider av-slideshow-ui av-control-hidden av-no-slider-navigation av-hide-nav-arrows av-slideshow-autoplay av-loop-endless av-loop-manual-endless av-slider-scroll-down-active av-default-height-applied   avia-slideshow-1' data-slideshow-options=\"{&quot;animation&quot;:&quot;fade&quot;,&quot;autoplay&quot;:true,&quot;loop_autoplay&quot;:&quot;endless&quot;,&quot;interval&quot;:2,&quot;loop_manual&quot;:&quot;manual-endless&quot;,&quot;autoplay_stopper&quot;:false,&quot;noNavigation&quot;:true,&quot;bg_slider&quot;:true,&quot;keep_padding&quot;:false,&quot;hoverpause&quot;:false,&quot;show_slide_delay&quot;:0,&quot;slide_height&quot;:&quot;100&quot;,&quot;image_attachment&quot;:&quot;&quot;}\"  itemprop=\"image\" itemscope=\"itemscope\" itemtype=\"https:\/\/schema.org\/ImageObject\" ><ul class='avia-slideshow-inner ' style='padding-bottom: 105.26315789474%;'><li style='background-position:center center;' data-img-url='https:\/\/hilaturasgiza.com\/wp-content\/uploads\/2023\/02\/N5_BLANCO_SERIE_ORO-6-1425x1500.jpg' class='avia-slideshow-slide av-lefjhnyk-17d91900f7dd955c4bca145a0c44fc6f__0  slide-1 slide-odd'><div data-rel='slideshow-1' class='avia-slide-wrap '   ><\/div><\/li><li style='background-position:center center;' data-img-url='https:\/\/hilaturasgiza.com\/wp-content\/uploads\/2023\/02\/N8_BLANCO_SERIE_ORO_ZEPELIN-8-1500x1362.jpg' class='avia-slideshow-slide av-lefjhnyk-17d91900f7dd955c4bca145a0c44fc6f__1  slide-2 slide-even'><div data-rel='slideshow-1' class='avia-slide-wrap '   ><\/div><\/li><li style='background-position:center center;' data-img-url='https:\/\/hilaturasgiza.com\/wp-content\/uploads\/2023\/02\/IMG_371722-scaled.jpg' class='avia-slideshow-slide av-lefjhnyk-17d91900f7dd955c4bca145a0c44fc6f__2  slide-3 slide-odd'><div data-rel='slideshow-1' class='avia-slide-wrap '   ><\/div><\/li><li style='background-position:center center;' data-img-url='https:\/\/hilaturasgiza.com\/wp-content\/uploads\/2023\/02\/N8_BLANCO_SERIE_ORO_ZEPELIN-1-1500x1334.jpg' class='avia-slideshow-slide av-lefjhnyk-17d91900f7dd955c4bca145a0c44fc6f__3  slide-4 slide-even'><div data-rel='slideshow-1' class='avia-slide-wrap '   ><\/div><\/li><li style='background-position:center center;' data-img-url='https:\/\/hilaturasgiza.com\/wp-content\/uploads\/2023\/02\/N12_CRUDO_SERIE_ORO-15-1500x1287.jpg' class='avia-slideshow-slide av-lefjhnyk-17d91900f7dd955c4bca145a0c44fc6f__4  slide-5 slide-odd'><div data-rel='slideshow-1' class='avia-slide-wrap '   ><\/div><\/li><li style='background-position:center center;' data-img-url='https:\/\/hilaturasgiza.com\/wp-content\/uploads\/2023\/02\/N5_CRUDO_SERIE_ORO-8-1340x1500.jpg' class='avia-slideshow-slide av-lefjhnyk-17d91900f7dd955c4bca145a0c44fc6f__5  slide-6 slide-even'><div data-rel='slideshow-1' class='avia-slide-wrap '   ><\/div><\/li><li style='background-position:center center;' data-img-url='https:\/\/hilaturasgiza.com\/wp-content\/uploads\/2023\/02\/N12_CRUDO_SERIE_ORO-20-1500x577.jpg' class='avia-slideshow-slide av-lefjhnyk-17d91900f7dd955c4bca145a0c44fc6f__6  slide-7 slide-odd'><div data-rel='slideshow-1' class='avia-slide-wrap '   ><\/div><\/li><\/ul><div class='avia-slideshow-arrows avia-slideshow-controls' ><a href='#prev' class='prev-slide ' aria-hidden='true' data-av_icon='\ue87c' data-av_iconfont='entypo-fontello'  tabindex='-1'>Previous<\/a><a href='#next' class='next-slide ' aria-hidden='true' data-av_icon='\ue87d' data-av_iconfont='entypo-fontello'  tabindex='-1'>Next<\/a><\/div><div class='av-slideshow-caption av-lefjhnyk-17d91900f7dd955c4bca145a0c44fc6f__0 caption_fullwidth caption_center'><div class=\"container caption_container\"><div class=\"slideshow_caption\"><div class=\"slideshow_inner_caption\"><div class=\"slideshow_align_caption\"><h2 class='avia-caption-title '  itemprop=\"name\" >Zepelines 100gr.<br \/>Gama Oro<\/h2><\/div><\/div><\/div><\/div><\/div><\/div><\/div><div id='after_full_slider_1'  class='main_color av_default_container_wrap container_wrap sidebar_right'  ><div class='container av-section-cont-open' ><div class='template-page content  av-content-small alpha units'><div class='post-entry post-entry-type-page post-entry-236'><div class='entry-content-wrapper clearfix'>\n\n<style type=\"text\/css\" data-created_by=\"avia_inline_auto\" id=\"style-css-av-m3r54csk-0721f9db9c68d08a87db7d769e3eab58\">\n#top .av-special-heading.av-m3r54csk-0721f9db9c68d08a87db7d769e3eab58{\npadding-bottom:10px;\n}\nbody .av-special-heading.av-m3r54csk-0721f9db9c68d08a87db7d769e3eab58 .av-special-heading-tag .heading-char{\nfont-size:25px;\n}\n.av-special-heading.av-m3r54csk-0721f9db9c68d08a87db7d769e3eab58 .av-subheading{\nfont-size:15px;\n}\n<\/style>\n<div  class='av-special-heading av-m3r54csk-0721f9db9c68d08a87db7d769e3eab58 av-special-heading-h3  avia-builder-el-1  el_after_av_fullscreen  el_before_av_one_full  avia-builder-el-first '><h3 class='av-special-heading-tag'  itemprop=\"headline\"  >Zepel\u00edn Gama Oro vs. Gama Plata: \u00bfCu\u00e1l es la diferencia?<\/h3><div class=\"special-heading-border\"><div class=\"special-heading-inner-border\"><\/div><\/div><\/div>\n<div class='flex_column av-av_one_full-7714eba142aeda1f8b5272a3c372b279 av_one_full  avia-builder-el-2  el_after_av_heading  avia-builder-el-last  first flex_column_div '     ><section  class='av_textblock_section av-m3r53vwa-b779cba0c58432be7d12435a9c47ed17'  itemscope=\"itemscope\" itemtype=\"https:\/\/schema.org\/CreativeWork\" ><div class='avia_textblock'  itemprop=\"text\" ><p data-sourcepos=\"5:1-5:217\">La principal diferencia entre los hilos Zepel\u00edn Gama Oro y Gama Plata reside en la <strong>composici\u00f3n del algod\u00f3n<\/strong>. Ambas gamas ofrecen una calidad excepcional, pero cada una tiene sus propias caracter\u00edsticas distintivas:<\/p>\n<ul data-sourcepos=\"7:1-16:0\">\n<li data-sourcepos=\"7:1-11:0\">\n<p data-sourcepos=\"7:3-7:23\"><strong>Zepel\u00edn Gama Oro:\u00a0 <img decoding=\"async\" loading=\"lazy\" class=\"alignnone size-medium wp-image-2216\" src=\"https:\/\/hilaturasgiza.eu\/wp-content\/uploads\/2024\/11\/N5_BLANCO_SERIE_ORO-29-300x119.jpg\" alt=\"\" width=\"300\" height=\"119\" \/><\/strong><\/p>\n<ul data-sourcepos=\"8:5-11:0\">\n<li data-sourcepos=\"8:5-8:229\"><strong>Composici\u00f3n:<\/strong> 100% algod\u00f3n egipcio Giza. Esta variedad de algod\u00f3n es reconocida mundialmente por sus fibras largas y uniformes, lo que resulta en un hilo extremadamente suave, resistente y con un brillo natural superior.<\/li>\n<li data-sourcepos=\"9:5-9:154\"><strong>Etiqueta dorada:<\/strong> La etiqueta dorada se utiliza para identificar de forma clara este hilo de alta calidad y su origen en el algod\u00f3n egipcio Giza.<\/li>\n<li data-sourcepos=\"10:5-11:0\"><strong>Caracter\u00edsticas:<\/strong> Ideal para proyectos que requieren un acabado lujoso y duradero. Su suavidad lo hace perfecto para prendas que est\u00e1n en contacto directo con la piel.<\/li>\n<\/ul>\n<\/li>\n<li data-sourcepos=\"12:1-16:0\">\n<p data-sourcepos=\"12:3-12:25\"><strong>Zepel\u00edn Gama Plata:\u00a0 \u00a0 <img decoding=\"async\" loading=\"lazy\" class=\"alignnone size-medium wp-image-2183\" src=\"https:\/\/hilaturasgiza.eu\/wp-content\/uploads\/2024\/11\/N5_BLANCO_GAMA_PLATA-25-300x127.jpg\" alt=\"\" width=\"300\" height=\"127\" \/><\/strong><\/p>\n<ul data-sourcepos=\"13:5-16:0\">\n<li data-sourcepos=\"13:5-13:253\"><strong>Composici\u00f3n:<\/strong> 100% algod\u00f3n Pima. El algod\u00f3n Pima, aunque tambi\u00e9n de alta calidad, tiene fibras ligeramente m\u00e1s cortas que el algod\u00f3n egipcio Giza. Sin embargo, sigue siendo un algod\u00f3n de fibra larga, lo que garantiza un hilo suave y resistente.<\/li>\n<li data-sourcepos=\"14:5-14:122\"><strong>Etiqueta plateada:<\/strong> La etiqueta plateada identifica este hilo de algod\u00f3n Pima, conocido por su suavidad y brillo.<\/li>\n<li data-sourcepos=\"15:5-16:0\"><strong>Caracter\u00edsticas:<\/strong> Ofrece una excelente relaci\u00f3n calidad-precio, siendo una opci\u00f3n popular para una amplia gama de proyectos. Su suavidad y resistencia lo hacen ideal para tanto para prendas como para decoraci\u00f3n.<\/li>\n<\/ul>\n<\/li>\n<\/ul>\n<h3 data-sourcepos=\"17:1-17:35\">\u00bfPor qu\u00e9 la etiqueta es de color diferente?<\/h3>\n<p data-sourcepos=\"18:1-18:361\">La elecci\u00f3n del color de la etiqueta es una forma sencilla y efectiva de diferenciar visualmente los dos tipos de hilo. El dorado, asociado con la realeza y la exclusividad, refleja la alta calidad y el lujo del algod\u00f3n egipcio Giza. Por otro lado, el plateado, que evoca la elegancia y la modernidad, representa las excelentes caracter\u00edsticas del algod\u00f3n Pima.<\/p>\n<p data-sourcepos=\"20:1-20:15\"><strong>En resumen:<\/strong><\/p>\n<div class=\"horizontal-scroll-wrapper\">\n<div class=\"table-block-component\">\n<div class=\"table-block\">\n<div class=\"table-content not-end-of-paragraph\">\n<table data-sourcepos=\"22:1-29:37\">\n<tbody>\n<tr data-sourcepos=\"22:1-22:58\">\n<th data-sourcepos=\"22:1-22:16\">Caracter\u00edstica<\/th>\n<th data-sourcepos=\"22:18-22:35\">Zepel\u00edn Gama Oro<\/th>\n<th data-sourcepos=\"22:37-22:56\">Zepel\u00edn Gama Plata<\/th>\n<\/tr>\n<tr data-sourcepos=\"24:1-24:63\">\n<td data-sourcepos=\"24:1-24:13\">Composici\u00f3n<\/td>\n<td data-sourcepos=\"24:15-24:41\">100% algod\u00f3n egipcio Giza<\/td>\n<td data-sourcepos=\"24:43-24:61\">100% algod\u00f3n Pima<\/td>\n<\/tr>\n<tr data-sourcepos=\"25:1-25:60\">\n<td data-sourcepos=\"25:1-25:8\">Fibras<\/td>\n<td data-sourcepos=\"25:10-25:33\">M\u00e1s largas y uniformes<\/td>\n<td data-sourcepos=\"25:35-25:58\">Ligeramente m\u00e1s cortas<\/td>\n<\/tr>\n<tr data-sourcepos=\"26:1-26:47\">\n<td data-sourcepos=\"26:1-26:10\">Suavidad<\/td>\n<td data-sourcepos=\"26:12-26:33\">Extremadamente suave<\/td>\n<td data-sourcepos=\"26:35-26:45\">Muy suave<\/td>\n<\/tr>\n<tr data-sourcepos=\"27:1-27:28\">\n<td data-sourcepos=\"27:1-27:8\">Brillo<\/td>\n<td data-sourcepos=\"27:10-27:19\">Superior<\/td>\n<td data-sourcepos=\"27:21-27:26\">Alto<\/td>\n<\/tr>\n<tr data-sourcepos=\"28:1-28:32\">\n<td data-sourcepos=\"28:1-28:10\">Etiqueta<\/td>\n<td data-sourcepos=\"28:12-28:19\">Dorada<\/td>\n<td data-sourcepos=\"28:21-28:30\">Plateada<\/td>\n<\/tr>\n<tr data-sourcepos=\"29:1-29:37\">\n<td data-sourcepos=\"29:1-29:8\">Precio<\/td>\n<td data-sourcepos=\"29:10-29:19\">M\u00e1s alto<\/td>\n<td data-sourcepos=\"29:21-29:35\">M\u00e1s econ\u00f3mico<\/td>\n<\/tr>\n<\/tbody>\n<\/table>\n<\/div>\n<div class=\"table-footer hide-from-message-actions ng-star-inserted\"><strong style=\"font-size: 24px;\">\u00bfCu\u00e1l elegir?<\/strong><\/div>\n<div class=\"table-footer hide-from-message-actions ng-star-inserted\">La elecci\u00f3n entre el Gama Oro y el Gama Plata depender\u00e1 de tus necesidades y presupuesto. Si buscas el hilo de algod\u00f3n m\u00e1s lujoso y de mayor calidad, el Gama Oro es la opci\u00f3n ideal. Si prefieres un hilo de alta calidad a un precio m\u00e1s asequible, el Gama Plata es una excelente alternativa.<\/div>\n<\/div>\n<\/div>\n<\/div>\n<p data-sourcepos=\"34:1-34:132\"><strong>En ambos casos, estar\u00e1s trabajando con hilos de algod\u00f3n de primera calidad que te permitir\u00e1n crear proyectos \u00fanicos y duraderos.<\/strong><\/p>\n<p>Siempre con stock permanente somos fabricantes en Espa\u00f1a.<\/p>\n<p>\u25b7 El perle del N\u00ba5 y N\u00ba8 es perfecto para Shashiko, Patchwork, Bordados y Crochet; El perl\u00e9 N\u00ba12 es perfecto para Bolillos y labores finas de crochet.<br \/>\n\u25b7 <strong>Atenci\u00f3n: el hilo del N\u00ba5 es m\u00e1s grueso, el hilo del N\u00ba8 es de grosor intermedio y el N\u00ba12 es el m\u00e1s fino.<\/strong><br \/>\n\u25b7 Disponible en Blanco y Crudo tanto en (Gama Oro o Gama Plata)<br \/>\n\u25b7 Hilo Algod\u00f3n Giza 100% puro, peinado, doble mercerizado y gaseado<br \/>\n\u25b7 Zepelin de 100gr. cada uno.<br \/>\n\u25b7 Fabricado en Espa\u00f1a<\/p>\n<\/div><\/section><\/div>\n","protected":false},"excerpt":{"rendered":"","protected":false},"author":1,"featured_media":0,"parent":0,"menu_order":0,"comment_status":"closed","ping_status":"closed","template":"","meta":{"om_disable_all_campaigns":false,"_monsterinsights_skip_tracking":false,"_monsterinsights_sitenote_active":false,"_monsterinsights_sitenote_note":"","_monsterinsights_sitenote_category":0},"aioseo_notices":[],"yoast_head":"<!-- This site is optimized with the Yoast SEO Premium plugin v20.1 (Yoast SEO v20.1) - https:\/\/yoast.com\/wordpress\/plugins\/seo\/ -->\n<title>Zepelines 100gr. Gama Oro - Hilaturas Giza SL - Giza Cotton Yarn<\/title>\n<meta name=\"robots\" content=\"index, follow, max-snippet:-1, max-image-preview:large, max-video-preview:-1\" \/>\n<link rel=\"canonical\" href=\"https:\/\/hilaturasgiza.com\/index.php\/zepelines-100gr-gama-oro\/\" \/>\n<meta property=\"og:locale\" content=\"en_US\" \/>\n<meta property=\"og:type\" content=\"article\" \/>\n<meta property=\"og:title\" content=\"Zepelines 100gr. Gama Oro\" \/>\n<meta property=\"og:url\" content=\"https:\/\/hilaturasgiza.com\/index.php\/zepelines-100gr-gama-oro\/\" \/>\n<meta property=\"og:site_name\" content=\"Hilaturas Giza SL - Giza Cotton Yarn\" \/>\n<meta property=\"article:modified_time\" content=\"2024-11-21T09:59:26+00:00\" \/>\n<meta property=\"og:image\" content=\"https:\/\/hilaturasgiza.eu\/wp-content\/uploads\/2024\/11\/N5_BLANCO_SERIE_ORO-29-300x119.jpg\" \/>\n<meta name=\"twitter:card\" content=\"summary_large_image\" \/>\n<meta name=\"twitter:label1\" content=\"Est. reading time\" \/>\n\t<meta name=\"twitter:data1\" content=\"5 minutes\" \/>\n<script type=\"application\/ld+json\" class=\"yoast-schema-graph\">{\"@context\":\"https:\/\/schema.org\",\"@graph\":[{\"@type\":\"WebPage\",\"@id\":\"https:\/\/hilaturasgiza.com\/index.php\/zepelines-100gr-gama-oro\/\",\"url\":\"https:\/\/hilaturasgiza.com\/index.php\/zepelines-100gr-gama-oro\/\",\"name\":\"Zepelines 100gr. Gama Oro - Hilaturas Giza SL - Giza Cotton Yarn\",\"isPartOf\":{\"@id\":\"https:\/\/hilaturasgiza.com\/#website\"},\"datePublished\":\"2023-02-22T10:35:30+00:00\",\"dateModified\":\"2024-11-21T09:59:26+00:00\",\"breadcrumb\":{\"@id\":\"https:\/\/hilaturasgiza.com\/index.php\/zepelines-100gr-gama-oro\/#breadcrumb\"},\"inLanguage\":\"en-US\",\"potentialAction\":[{\"@type\":\"ReadAction\",\"target\":[\"https:\/\/hilaturasgiza.com\/index.php\/zepelines-100gr-gama-oro\/\"]}]},{\"@type\":\"BreadcrumbList\",\"@id\":\"https:\/\/hilaturasgiza.com\/index.php\/zepelines-100gr-gama-oro\/#breadcrumb\",\"itemListElement\":[{\"@type\":\"ListItem\",\"position\":1,\"name\":\"Home\",\"item\":\"https:\/\/hilaturasgiza.com\/index.php\/home\/\"},{\"@type\":\"ListItem\",\"position\":2,\"name\":\"Zepelines 100gr. Gama Oro\"}]},{\"@type\":\"WebSite\",\"@id\":\"https:\/\/hilaturasgiza.com\/#website\",\"url\":\"https:\/\/hilaturasgiza.com\/\",\"name\":\"Hilaturas Giza SL - Giza Cotton Yarn\",\"description\":\"HILATURAS GIZA, S.L.\",\"publisher\":{\"@id\":\"https:\/\/hilaturasgiza.com\/#organization\"},\"potentialAction\":[{\"@type\":\"SearchAction\",\"target\":{\"@type\":\"EntryPoint\",\"urlTemplate\":\"https:\/\/hilaturasgiza.com\/?s={search_term_string}\"},\"query-input\":\"required name=search_term_string\"}],\"inLanguage\":\"en-US\"},{\"@type\":\"Organization\",\"@id\":\"https:\/\/hilaturasgiza.com\/#organization\",\"name\":\"Hilaturas Giza SL - Giza Cotton Yarn\",\"url\":\"https:\/\/hilaturasgiza.com\/\",\"logo\":{\"@type\":\"ImageObject\",\"inLanguage\":\"en-US\",\"@id\":\"https:\/\/hilaturasgiza.com\/#\/schema\/logo\/image\/\",\"url\":\"https:\/\/hilaturasgiza.com\/wp-content\/uploads\/2023\/02\/cropped-Giza_logo_store.jpg\",\"contentUrl\":\"https:\/\/hilaturasgiza.com\/wp-content\/uploads\/2023\/02\/cropped-Giza_logo_store.jpg\",\"width\":400,\"height\":400,\"caption\":\"Hilaturas Giza SL - Giza Cotton Yarn\"},\"image\":{\"@id\":\"https:\/\/hilaturasgiza.com\/#\/schema\/logo\/image\/\"}}]}<\/script>\n<!-- \/ Yoast SEO Premium plugin. -->","yoast_head_json":{"title":"Zepelines 100gr. Gama Oro - Hilaturas Giza SL - Giza Cotton Yarn","robots":{"index":"index","follow":"follow","max-snippet":"max-snippet:-1","max-image-preview":"max-image-preview:large","max-video-preview":"max-video-preview:-1"},"canonical":"https:\/\/hilaturasgiza.com\/index.php\/zepelines-100gr-gama-oro\/","og_locale":"en_US","og_type":"article","og_title":"Zepelines 100gr. Gama Oro","og_url":"https:\/\/hilaturasgiza.com\/index.php\/zepelines-100gr-gama-oro\/","og_site_name":"Hilaturas Giza SL - Giza Cotton Yarn","article_modified_time":"2024-11-21T09:59:26+00:00","og_image":[{"url":"https:\/\/hilaturasgiza.eu\/wp-content\/uploads\/2024\/11\/N5_BLANCO_SERIE_ORO-29-300x119.jpg"}],"twitter_card":"summary_large_image","twitter_misc":{"Est. reading time":"5 minutes"},"schema":{"@context":"https:\/\/schema.org","@graph":[{"@type":"WebPage","@id":"https:\/\/hilaturasgiza.com\/index.php\/zepelines-100gr-gama-oro\/","url":"https:\/\/hilaturasgiza.com\/index.php\/zepelines-100gr-gama-oro\/","name":"Zepelines 100gr. Gama Oro - Hilaturas Giza SL - Giza Cotton Yarn","isPartOf":{"@id":"https:\/\/hilaturasgiza.com\/#website"},"datePublished":"2023-02-22T10:35:30+00:00","dateModified":"2024-11-21T09:59:26+00:00","breadcrumb":{"@id":"https:\/\/hilaturasgiza.com\/index.php\/zepelines-100gr-gama-oro\/#breadcrumb"},"inLanguage":"en-US","potentialAction":[{"@type":"ReadAction","target":["https:\/\/hilaturasgiza.com\/index.php\/zepelines-100gr-gama-oro\/"]}]},{"@type":"BreadcrumbList","@id":"https:\/\/hilaturasgiza.com\/index.php\/zepelines-100gr-gama-oro\/#breadcrumb","itemListElement":[{"@type":"ListItem","position":1,"name":"Home","item":"https:\/\/hilaturasgiza.com\/index.php\/home\/"},{"@type":"ListItem","position":2,"name":"Zepelines 100gr. Gama Oro"}]},{"@type":"WebSite","@id":"https:\/\/hilaturasgiza.com\/#website","url":"https:\/\/hilaturasgiza.com\/","name":"Hilaturas Giza SL - Giza Cotton Yarn","description":"HILATURAS GIZA, S.L.","publisher":{"@id":"https:\/\/hilaturasgiza.com\/#organization"},"potentialAction":[{"@type":"SearchAction","target":{"@type":"EntryPoint","urlTemplate":"https:\/\/hilaturasgiza.com\/?s={search_term_string}"},"query-input":"required name=search_term_string"}],"inLanguage":"en-US"},{"@type":"Organization","@id":"https:\/\/hilaturasgiza.com\/#organization","name":"Hilaturas Giza SL - Giza Cotton Yarn","url":"https:\/\/hilaturasgiza.com\/","logo":{"@type":"ImageObject","inLanguage":"en-US","@id":"https:\/\/hilaturasgiza.com\/#\/schema\/logo\/image\/","url":"https:\/\/hilaturasgiza.com\/wp-content\/uploads\/2023\/02\/cropped-Giza_logo_store.jpg","contentUrl":"https:\/\/hilaturasgiza.com\/wp-content\/uploads\/2023\/02\/cropped-Giza_logo_store.jpg","width":400,"height":400,"caption":"Hilaturas Giza SL - Giza Cotton Yarn"},"image":{"@id":"https:\/\/hilaturasgiza.com\/#\/schema\/logo\/image\/"}}]}},"_links":{"self":[{"href":"https:\/\/hilaturasgiza.com\/index.php\/wp-json\/wp\/v2\/pages\/236"}],"collection":[{"href":"https:\/\/hilaturasgiza.com\/index.php\/wp-json\/wp\/v2\/pages"}],"about":[{"href":"https:\/\/hilaturasgiza.com\/index.php\/wp-json\/wp\/v2\/types\/page"}],"author":[{"embeddable":true,"href":"https:\/\/hilaturasgiza.com\/index.php\/wp-json\/wp\/v2\/users\/1"}],"replies":[{"embeddable":true,"href":"https:\/\/hilaturasgiza.com\/index.php\/wp-json\/wp\/v2\/comments?post=236"}],"version-history":[{"count":2,"href":"https:\/\/hilaturasgiza.com\/index.php\/wp-json\/wp\/v2\/pages\/236\/revisions"}],"predecessor-version":[{"id":323,"href":"https:\/\/hilaturasgiza.com\/index.php\/wp-json\/wp\/v2\/pages\/236\/revisions\/323"}],"wp:attachment":[{"href":"https:\/\/hilaturasgiza.com\/index.php\/wp-json\/wp\/v2\/media?parent=236"}],"curies":[{"name":"wp","href":"https:\/\/api.w.org\/{rel}","templated":true}]}}