{"id":5,"date":"2023-02-20T15:28:42","date_gmt":"2023-02-20T15:28:42","guid":{"rendered":"https:\/\/hilaturasgiza.com\/?page_id=5"},"modified":"2023-02-20T15:50:48","modified_gmt":"2023-02-20T15:50:48","slug":"create-your-website-with-blocks","status":"publish","type":"page","link":"https:\/\/hilaturasgiza.com\/index.php\/create-your-website-with-blocks\/","title":{"rendered":"Hilaturas Giza, S.L."},"content":{"rendered":"\n<h2 class=\"alignwide has-text-align-wide has-gigantic-font-size\" style=\"line-height:1.1\">Algod\u00f3n Giza Puro 100%<\/h2>\n\n\n\n<div style=\"height:100px\" aria-hidden=\"true\" class=\"wp-block-spacer\"><\/div>\n\n\n\n<div class=\"is-layout-flex wp-container-3 wp-block-columns alignwide are-vertically-aligned-center is-style-twentytwentyone-columns-overlap\">\n<div class=\"is-layout-flow wp-block-column is-vertically-aligned-center\">\n<figure class=\"wp-block-image alignfull size-large\"><img decoding=\"async\" loading=\"lazy\" width=\"931\" height=\"1024\" src=\"https:\/\/hilaturasgiza.com\/wp-content\/uploads\/2023\/02\/IMG_371722-931x1024.jpg\" alt=\"\u25b7 La excelente calidad del algod\u00f3n puro 100% mercerizado, hace destacar este producto por su brillo y total solidez de sus colores. Las caracter\u00edsticas principales del Perl\u00e9 son sus dos cabos y su perfecta torsi\u00f3n que le otorgan ese aspecto perlado tan caracter\u00edstico. Siempre con stock permanente somos fabricantes en Espa\u00f1a\" class=\"wp-image-29\" srcset=\"https:\/\/hilaturasgiza.com\/wp-content\/uploads\/2023\/02\/IMG_371722-931x1024.jpg 931w, https:\/\/hilaturasgiza.com\/wp-content\/uploads\/2023\/02\/IMG_371722-273x300.jpg 273w, https:\/\/hilaturasgiza.com\/wp-content\/uploads\/2023\/02\/IMG_371722-768x845.jpg 768w, https:\/\/hilaturasgiza.com\/wp-content\/uploads\/2023\/02\/IMG_371722-1397x1536.jpg 1397w, https:\/\/hilaturasgiza.com\/wp-content\/uploads\/2023\/02\/IMG_371722-1862x2048.jpg 1862w\" sizes=\"(max-width: 931px) 100vw, 931px\" \/><figcaption class=\"wp-element-caption\">\u25b7 La excelente calidad del algod\u00f3n puro 100% mercerizado, hace destacar este producto por su brillo y total solidez de sus colores. Las caracter\u00edsticas principales del Perl\u00e9 son sus dos cabos y su perfecta torsi\u00f3n que le otorgan ese aspecto perlado tan caracter\u00edstico. Siempre con stock permanente somos fabricantes en Espa\u00f1a<\/figcaption><\/figure>\n\n\n\n<div style=\"height:100px\" aria-hidden=\"true\" class=\"wp-block-spacer\"><\/div>\n\n\n\n<figure class=\"wp-block-image alignfull size-large is-style-twentytwentyone-image-frame\"><img decoding=\"async\" loading=\"lazy\" width=\"1024\" height=\"840\" src=\"https:\/\/hilaturasgiza.com\/wp-content\/uploads\/2023\/02\/ORO_GAMA_200GR_N5_BLANCO-2-1024x840.jpg\" alt=\"El algod\u00f3n egipcio Giza de alta calidad se procesa con hilo de dos cabos para obtener una fina mezcla de suavidad y flexibilidad.\n\u25b7 Peinado y doble mercerizado.\n\u25b7 Hecho en Espa\u00f1a.\n\u25b7 Material: 100% Algod\u00f3n Giza Puro.\n\n\u25b7 Disponible en formato de Ovillo de 200gr. en N\u00fameros 5, 8 y 12. \u25b7 En colores Blanco y Crudo, \u25b7 en Gama Oro y Gama Plata\" class=\"wp-image-33\" srcset=\"https:\/\/hilaturasgiza.com\/wp-content\/uploads\/2023\/02\/ORO_GAMA_200GR_N5_BLANCO-2-1024x840.jpg 1024w, https:\/\/hilaturasgiza.com\/wp-content\/uploads\/2023\/02\/ORO_GAMA_200GR_N5_BLANCO-2-300x246.jpg 300w, https:\/\/hilaturasgiza.com\/wp-content\/uploads\/2023\/02\/ORO_GAMA_200GR_N5_BLANCO-2-768x630.jpg 768w, https:\/\/hilaturasgiza.com\/wp-content\/uploads\/2023\/02\/ORO_GAMA_200GR_N5_BLANCO-2-1536x1260.jpg 1536w, https:\/\/hilaturasgiza.com\/wp-content\/uploads\/2023\/02\/ORO_GAMA_200GR_N5_BLANCO-2-2048x1680.jpg 2048w\" sizes=\"(max-width: 1024px) 100vw, 1024px\" \/><figcaption class=\"wp-element-caption\">El algod\u00f3n egipcio Giza de alta calidad se procesa con hilo de dos cabos para obtener una fina mezcla de suavidad y flexibilidad.\n\u25b7 Peinado y doble mercerizado.\n\u25b7 Hecho en Espa\u00f1a.\n\u25b7 Material: 100% Algod\u00f3n Giza Puro.\n\n\u25b7 Disponible en formato de Ovillo de 200gr. en N\u00fameros 5, 8 y 12. \u25b7 En colores Blanco y Crudo, \u25b7 en Gama Oro y Gama Plata<\/figcaption><\/figure>\n<\/div>\n\n\n\n<div class=\"is-layout-flow wp-block-column is-vertically-aligned-center\">\n<div style=\"height:100px\" aria-hidden=\"true\" class=\"wp-block-spacer\"><\/div>\n\n\n\n<figure class=\"wp-block-image size-large alignfull size-full is-style-twentytwentyone-border\"><img decoding=\"async\" loading=\"lazy\" width=\"1024\" height=\"966\" src=\"https:\/\/hilaturasgiza.com\/wp-content\/uploads\/2023\/02\/IMG_3804_1-1024x966.jpg\" alt=\"Acerca de este producto\n\u25b7 El perle del N\u00ba12 es perfecto para labores en punto de cruz y bordados\n\u25b7 Disponible en 120 colores lisos s\u00f3lidos.\n\u25b7 Hilo Algod\u00f3n Giza 100% puro, peinado, doble mercerizado y gaseado\n\u25b7 Caja de 10 ovillos de 5gr. cada uno.\n\u25b7 Fabricado en Espa\u00f1a\" class=\"wp-image-30\" srcset=\"https:\/\/hilaturasgiza.com\/wp-content\/uploads\/2023\/02\/IMG_3804_1-1024x966.jpg 1024w, https:\/\/hilaturasgiza.com\/wp-content\/uploads\/2023\/02\/IMG_3804_1-300x283.jpg 300w, https:\/\/hilaturasgiza.com\/wp-content\/uploads\/2023\/02\/IMG_3804_1-768x724.jpg 768w, https:\/\/hilaturasgiza.com\/wp-content\/uploads\/2023\/02\/IMG_3804_1-1536x1448.jpg 1536w, https:\/\/hilaturasgiza.com\/wp-content\/uploads\/2023\/02\/IMG_3804_1-2048x1931.jpg 2048w\" sizes=\"(max-width: 1024px) 100vw, 1024px\" \/><figcaption class=\"wp-element-caption\">Acerca de este producto\n\u25b7 El perle del N\u00ba12 es perfecto para labores en punto de cruz y bordados\n\u25b7 Disponible en 120 colores lisos s\u00f3lidos.\n\u25b7 Hilo Algod\u00f3n Giza 100% puro, peinado, doble mercerizado y gaseado\n\u25b7 Caja de 10 ovillos de 5gr. cada uno.\n\u25b7 Fabricado en Espa\u00f1a<\/figcaption><\/figure>\n<\/div>\n<\/div>\n\n\n\n<div style=\"height:50px\" aria-hidden=\"true\" class=\"wp-block-spacer\"><\/div>\n\n\n\n<div class=\"is-layout-flex wp-container-7 wp-block-columns alignwide are-vertically-aligned-top\">\n<div class=\"is-layout-flow wp-block-column is-vertically-aligned-top\">\n<h3><em><strong>\u00bfCu\u00e1l es la identidad del producto Giza?<\/strong><\/em><\/h3>\n\n\n\n<p>Trasladamos esta pregunta a los directivos de&nbsp;esta firma y nos responden que, \u201cpodemos&nbsp;definirlo como un art\u00edculo de alt\u00edsima calidad,&nbsp;con un riguroso control en su proceso de fabricaci\u00f3n,&nbsp;realizado por una empresa espa\u00f1ola&nbsp;con muchos a\u00f1os de experiencia en el sector y<br>de un precio muy competitivo. Todo ello posible&nbsp;gracias a que se produce dentro de nuestras&nbsp;propias instalaciones\u201d.<br>Una calidad id\u00f3nea para bordar&nbsp;El producto n\u00famero uno en el cat\u00e1logo de&nbsp;Giza es el ovillo del n\u00ba 12 de 5 gramos, especial&nbsp;para punto de cruz y bordado con un acabado&nbsp;brillante y suave, disponible en una extensa&nbsp;gama de 120 colores.&nbsp;<\/p>\n\n\n\n<p>\u201cTenemos todos los formatos posibles\u00a0disponibles, en ovillos de 5, 50 y 200 grs, zepelines\u00a0de 100 y 200 grs, conos desde 1000 grs<br>\u00a0y madejas desde 45 hasta 200\u00a0grs,\u201d nos informa nuestra fuente y nos matiza\u00a0que, \u201cadem\u00e1s, al ser fabricantes, si se precisa\u00a0de alg\u00fan\u00a0formato especial, se estudia y se lleva\u00a0a cabo para conseguir satisfacer la necesidad\u00a0de nuestros clientes\u201d.<\/p>\n<\/div>\n\n\n\n<div class=\"is-layout-flow wp-block-column is-vertically-aligned-top\">\n<h3><em><strong>La carta de colores<\/strong><\/em><\/h3>\n\n\n\n<p>\u201cNuestros colores est\u00e1n rigurosamente\u00a0estudiados seg\u00fan la necesidad del mercado.\u00a0Est\u00e1n basados en un estudio de m\u00e1s de 20\u00a0a\u00f1os de experiencia en el mundo de las labores\u00a0y teniendo la posibilidad de fabricarles, a\u00a0nuestros clientes, determinados colores que\u00a0puedan precisar\u201d.<\/p>\n<\/div>\n\n\n\n<div class=\"is-layout-flow wp-block-column is-vertically-aligned-top\">\n<h3><em><strong>El mercado<\/strong><\/em><\/h3>\n\n\n\n<p>Los principales clientes de Hilaturas Giza son\u00a0todos los apasionados por el mundo de las\u00a0labores, o sea, mercer\u00edas, talleres de labores\u00a0y distribuidores. Este producto goza de una\u00a0destacada demanda en el mercado europeo,\u00a0principalmente en Portugal, Italia y Grecia,\u00a0aparte de nuestra demanda interior.\u00a0<br>El ganchillo en alza\u00a0\u201cEl ganchillo est\u00e1 volviendo en el \u00e1mbito\u00a0del reciclaje donde se valora el handmade.\u00a0Costumizar prendas a trav\u00e9s del ganchillo es\u00a0un hobby de \u00e9xito que despierta el inter\u00e9s de\u00a0mujeres j\u00f3venes y atrevidas\u201d.<br>C\u00e9ntrate en algo y hazlo bien\u00a0Este es el lema que mantiene Hilaturas Giza. Al\u00a0ser una empresa fabricante de hilo de algod\u00f3n\u00a0egipcio y disponer de maquinaria propia, hace\u00a0posible que se la considere especialista y referente\u00a0en el sector de la hilatura, no en vano, al\u00a0poder controlar \u201cin situ\u201d, todo el proceso de\u00a0fabricaci\u00f3n \u00e9ste est\u00e1 seguido en todo momento.<br>\u201cA diferencia de otros que son los t\u00edpicos\u00a0importadores de \u201ctoma y trae\u201d que tienen\u00a0muchos art\u00edculos pero ninguno de m\u00e1xima calidad\u00a0y confianza, nosotros tenemos un abanico\u00a0de productos 100 % de confianza, fabricado en\u00a0Espa\u00f1a, con una atenci\u00f3n y\u00a0fabricaci\u00f3n\u00a0especializada\u00a0y personalizada seg\u00fan la demanda de nuestros\u00a0clientes\u201d, concluyen nuestros entrevistados.<\/p>\n\n\n\n<p>.<\/p>\n<\/div>\n<\/div>\n\n\n\n<div style=\"height:100px\" aria-hidden=\"true\" class=\"wp-block-spacer\"><\/div>\n\n\n\n<div class=\"wp-block-cover alignwide is-light is-style-twentytwentyone-border\"><span aria-hidden=\"true\" class=\"wp-block-cover__background has-green-background-color has-background-dim-100 has-background-dim\"><\/span><div class=\"wp-block-cover__inner-container\">\n<div style=\"height:20px\" aria-hidden=\"true\" class=\"wp-block-spacer\"><\/div>\n\n\n\n<p class=\"has-huge-font-size\">Need help?<\/p>\n\n\n\n<div style=\"height:75px\" aria-hidden=\"true\" class=\"wp-block-spacer\"><\/div>\n\n\n\n<div class=\"is-layout-flex wp-container-10 wp-block-columns\">\n<div class=\"is-layout-flow wp-block-column\">\n<p><a href=\"https:\/\/wordpress.org\/support\/article\/twenty-twenty-one\/\">Read the Theme Documentation<\/a><\/p>\n<\/div>\n\n\n\n<div class=\"is-layout-flow wp-block-column\">\n<p><a href=\"https:\/\/wordpress.org\/support\/theme\/twentytwentyone\/\">Check out the Support Forums<\/a><\/p>\n<\/div>\n<\/div>\n\n\n\n<div style=\"height:20px\" aria-hidden=\"true\" class=\"wp-block-spacer\"><\/div>\n<\/div><\/div>\n","protected":false},"excerpt":{"rendered":"<p>Algod\u00f3n Giza Puro 100% \u00bfCu\u00e1l es la identidad del producto Giza? Trasladamos esta pregunta a los directivos de&nbsp;esta firma y nos responden que, \u201cpodemos&nbsp;definirlo como un art\u00edculo de alt\u00edsima calidad,&nbsp;con un riguroso control en su proceso de fabricaci\u00f3n,&nbsp;realizado por una empresa espa\u00f1ola&nbsp;con muchos a\u00f1os de experiencia en el sector yde un precio muy competitivo. Todo [&hellip;]<\/p>\n","protected":false},"author":1,"featured_media":0,"parent":0,"menu_order":0,"comment_status":"closed","ping_status":"closed","template":"","meta":{"om_disable_all_campaigns":false,"_monsterinsights_skip_tracking":false,"_monsterinsights_sitenote_active":false,"_monsterinsights_sitenote_note":"","_monsterinsights_sitenote_category":0},"aioseo_notices":[],"yoast_head":"<!-- This site is optimized with the Yoast SEO Premium plugin v20.1 (Yoast SEO v20.1) - https:\/\/yoast.com\/wordpress\/plugins\/seo\/ -->\n<title>Hilaturas Giza, S.L. - Hilaturas Giza SL - Giza Cotton Yarn<\/title>\n<meta name=\"robots\" content=\"index, follow, max-snippet:-1, max-image-preview:large, max-video-preview:-1\" \/>\n<link rel=\"canonical\" href=\"https:\/\/hilaturasgiza.com\/index.php\/create-your-website-with-blocks\/\" \/>\n<meta property=\"og:locale\" content=\"en_US\" \/>\n<meta property=\"og:type\" content=\"article\" \/>\n<meta property=\"og:title\" content=\"Hilaturas Giza, S.L.\" \/>\n<meta property=\"og:description\" content=\"Algod\u00f3n Giza Puro 100% \u00bfCu\u00e1l es la identidad del producto Giza? Trasladamos esta pregunta a los directivos de&nbsp;esta firma y nos responden que, \u201cpodemos&nbsp;definirlo como un art\u00edculo de alt\u00edsima calidad,&nbsp;con un riguroso control en su proceso de fabricaci\u00f3n,&nbsp;realizado por una empresa espa\u00f1ola&nbsp;con muchos a\u00f1os de experiencia en el sector yde un precio muy competitivo. Todo [&hellip;]\" \/>\n<meta property=\"og:url\" content=\"https:\/\/hilaturasgiza.com\/index.php\/create-your-website-with-blocks\/\" \/>\n<meta property=\"og:site_name\" content=\"Hilaturas Giza SL - Giza Cotton Yarn\" \/>\n<meta property=\"article:modified_time\" content=\"2023-02-20T15:50:48+00:00\" \/>\n<meta property=\"og:image\" content=\"https:\/\/hilaturasgiza.com\/wp-content\/uploads\/2023\/02\/IMG_371722-931x1024.jpg\" \/>\n<meta name=\"twitter:card\" content=\"summary_large_image\" \/>\n<meta name=\"twitter:label1\" content=\"Est. reading time\" \/>\n\t<meta name=\"twitter:data1\" content=\"3 minutes\" \/>\n<script type=\"application\/ld+json\" class=\"yoast-schema-graph\">{\"@context\":\"https:\/\/schema.org\",\"@graph\":[{\"@type\":\"WebPage\",\"@id\":\"https:\/\/hilaturasgiza.com\/index.php\/create-your-website-with-blocks\/\",\"url\":\"https:\/\/hilaturasgiza.com\/index.php\/create-your-website-with-blocks\/\",\"name\":\"Hilaturas Giza, S.L. - Hilaturas Giza SL - Giza Cotton Yarn\",\"isPartOf\":{\"@id\":\"https:\/\/hilaturasgiza.com\/#website\"},\"datePublished\":\"2023-02-20T15:28:42+00:00\",\"dateModified\":\"2023-02-20T15:50:48+00:00\",\"breadcrumb\":{\"@id\":\"https:\/\/hilaturasgiza.com\/index.php\/create-your-website-with-blocks\/#breadcrumb\"},\"inLanguage\":\"en-US\",\"potentialAction\":[{\"@type\":\"ReadAction\",\"target\":[\"https:\/\/hilaturasgiza.com\/index.php\/create-your-website-with-blocks\/\"]}]},{\"@type\":\"BreadcrumbList\",\"@id\":\"https:\/\/hilaturasgiza.com\/index.php\/create-your-website-with-blocks\/#breadcrumb\",\"itemListElement\":[{\"@type\":\"ListItem\",\"position\":1,\"name\":\"Home\",\"item\":\"https:\/\/hilaturasgiza.com\/index.php\/home\/\"},{\"@type\":\"ListItem\",\"position\":2,\"name\":\"Hilaturas Giza, S.L.\"}]},{\"@type\":\"WebSite\",\"@id\":\"https:\/\/hilaturasgiza.com\/#website\",\"url\":\"https:\/\/hilaturasgiza.com\/\",\"name\":\"Hilaturas Giza SL - Giza Cotton Yarn\",\"description\":\"HILATURAS GIZA, S.L.\",\"publisher\":{\"@id\":\"https:\/\/hilaturasgiza.com\/#organization\"},\"potentialAction\":[{\"@type\":\"SearchAction\",\"target\":{\"@type\":\"EntryPoint\",\"urlTemplate\":\"https:\/\/hilaturasgiza.com\/?s={search_term_string}\"},\"query-input\":\"required name=search_term_string\"}],\"inLanguage\":\"en-US\"},{\"@type\":\"Organization\",\"@id\":\"https:\/\/hilaturasgiza.com\/#organization\",\"name\":\"Hilaturas Giza SL - Giza Cotton Yarn\",\"url\":\"https:\/\/hilaturasgiza.com\/\",\"logo\":{\"@type\":\"ImageObject\",\"inLanguage\":\"en-US\",\"@id\":\"https:\/\/hilaturasgiza.com\/#\/schema\/logo\/image\/\",\"url\":\"https:\/\/hilaturasgiza.com\/wp-content\/uploads\/2023\/02\/cropped-Giza_logo_store.jpg\",\"contentUrl\":\"https:\/\/hilaturasgiza.com\/wp-content\/uploads\/2023\/02\/cropped-Giza_logo_store.jpg\",\"width\":400,\"height\":400,\"caption\":\"Hilaturas Giza SL - Giza Cotton Yarn\"},\"image\":{\"@id\":\"https:\/\/hilaturasgiza.com\/#\/schema\/logo\/image\/\"}}]}<\/script>\n<!-- \/ Yoast SEO Premium plugin. -->","yoast_head_json":{"title":"Hilaturas Giza, S.L. - Hilaturas Giza SL - Giza Cotton Yarn","robots":{"index":"index","follow":"follow","max-snippet":"max-snippet:-1","max-image-preview":"max-image-preview:large","max-video-preview":"max-video-preview:-1"},"canonical":"https:\/\/hilaturasgiza.com\/index.php\/create-your-website-with-blocks\/","og_locale":"en_US","og_type":"article","og_title":"Hilaturas Giza, S.L.","og_description":"Algod\u00f3n Giza Puro 100% \u00bfCu\u00e1l es la identidad del producto Giza? Trasladamos esta pregunta a los directivos de&nbsp;esta firma y nos responden que, \u201cpodemos&nbsp;definirlo como un art\u00edculo de alt\u00edsima calidad,&nbsp;con un riguroso control en su proceso de fabricaci\u00f3n,&nbsp;realizado por una empresa espa\u00f1ola&nbsp;con muchos a\u00f1os de experiencia en el sector yde un precio muy competitivo. Todo [&hellip;]","og_url":"https:\/\/hilaturasgiza.com\/index.php\/create-your-website-with-blocks\/","og_site_name":"Hilaturas Giza SL - Giza Cotton Yarn","article_modified_time":"2023-02-20T15:50:48+00:00","og_image":[{"url":"https:\/\/hilaturasgiza.com\/wp-content\/uploads\/2023\/02\/IMG_371722-931x1024.jpg"}],"twitter_card":"summary_large_image","twitter_misc":{"Est. reading time":"3 minutes"},"schema":{"@context":"https:\/\/schema.org","@graph":[{"@type":"WebPage","@id":"https:\/\/hilaturasgiza.com\/index.php\/create-your-website-with-blocks\/","url":"https:\/\/hilaturasgiza.com\/index.php\/create-your-website-with-blocks\/","name":"Hilaturas Giza, S.L. - Hilaturas Giza SL - Giza Cotton Yarn","isPartOf":{"@id":"https:\/\/hilaturasgiza.com\/#website"},"datePublished":"2023-02-20T15:28:42+00:00","dateModified":"2023-02-20T15:50:48+00:00","breadcrumb":{"@id":"https:\/\/hilaturasgiza.com\/index.php\/create-your-website-with-blocks\/#breadcrumb"},"inLanguage":"en-US","potentialAction":[{"@type":"ReadAction","target":["https:\/\/hilaturasgiza.com\/index.php\/create-your-website-with-blocks\/"]}]},{"@type":"BreadcrumbList","@id":"https:\/\/hilaturasgiza.com\/index.php\/create-your-website-with-blocks\/#breadcrumb","itemListElement":[{"@type":"ListItem","position":1,"name":"Home","item":"https:\/\/hilaturasgiza.com\/index.php\/home\/"},{"@type":"ListItem","position":2,"name":"Hilaturas Giza, S.L."}]},{"@type":"WebSite","@id":"https:\/\/hilaturasgiza.com\/#website","url":"https:\/\/hilaturasgiza.com\/","name":"Hilaturas Giza SL - Giza Cotton Yarn","description":"HILATURAS GIZA, S.L.","publisher":{"@id":"https:\/\/hilaturasgiza.com\/#organization"},"potentialAction":[{"@type":"SearchAction","target":{"@type":"EntryPoint","urlTemplate":"https:\/\/hilaturasgiza.com\/?s={search_term_string}"},"query-input":"required name=search_term_string"}],"inLanguage":"en-US"},{"@type":"Organization","@id":"https:\/\/hilaturasgiza.com\/#organization","name":"Hilaturas Giza SL - Giza Cotton Yarn","url":"https:\/\/hilaturasgiza.com\/","logo":{"@type":"ImageObject","inLanguage":"en-US","@id":"https:\/\/hilaturasgiza.com\/#\/schema\/logo\/image\/","url":"https:\/\/hilaturasgiza.com\/wp-content\/uploads\/2023\/02\/cropped-Giza_logo_store.jpg","contentUrl":"https:\/\/hilaturasgiza.com\/wp-content\/uploads\/2023\/02\/cropped-Giza_logo_store.jpg","width":400,"height":400,"caption":"Hilaturas Giza SL - Giza Cotton Yarn"},"image":{"@id":"https:\/\/hilaturasgiza.com\/#\/schema\/logo\/image\/"}}]}},"_links":{"self":[{"href":"https:\/\/hilaturasgiza.com\/index.php\/wp-json\/wp\/v2\/pages\/5"}],"collection":[{"href":"https:\/\/hilaturasgiza.com\/index.php\/wp-json\/wp\/v2\/pages"}],"about":[{"href":"https:\/\/hilaturasgiza.com\/index.php\/wp-json\/wp\/v2\/types\/page"}],"author":[{"embeddable":true,"href":"https:\/\/hilaturasgiza.com\/index.php\/wp-json\/wp\/v2\/users\/1"}],"replies":[{"embeddable":true,"href":"https:\/\/hilaturasgiza.com\/index.php\/wp-json\/wp\/v2\/comments?post=5"}],"version-history":[{"count":4,"href":"https:\/\/hilaturasgiza.com\/index.php\/wp-json\/wp\/v2\/pages\/5\/revisions"}],"predecessor-version":[{"id":36,"href":"https:\/\/hilaturasgiza.com\/index.php\/wp-json\/wp\/v2\/pages\/5\/revisions\/36"}],"wp:attachment":[{"href":"https:\/\/hilaturasgiza.com\/index.php\/wp-json\/wp\/v2\/media?parent=5"}],"curies":[{"name":"wp","href":"https:\/\/api.w.org\/{rel}","templated":true}]}}